{"id":51,"date":"2018-01-31T23:30:03","date_gmt":"2018-01-31T22:30:03","guid":{"rendered":"http:\/\/jakobreinhardt.net\/jakobreinhardt\/?page_id=51"},"modified":"2022-12-23T00:21:18","modified_gmt":"2022-12-22T23:21:18","slug":"about","status":"publish","type":"page","link":"https:\/\/jakobreinhardt.net\/jakobreinhardt\/about\/","title":{"rendered":"Jakov Williwitsch"},"content":{"rendered":"<p class=\"font_8\"><span class=\"wixGuard\">&#8230;hei\u00dft mit seinem b\u00fcrgerlichen Namen\u00a0<\/span><a style=\"color: #4d94d1;\" href=\"http:\/\/jakobreinhardt.net\/jakobreinhardt\/jakob-reinhardt\/\">Jakob Reinhardt<\/a><\/p>\n<p class=\"font_8\"><span class=\"wixGuard\">\u200b<\/span>&#8230;ist Sohn eines Russlanddeutschen, namens Willi (deshalb Williwitsch als <a href=\"https:\/\/www.russlandjournal.de\/russisch-lernen\/russische-namen\/\" target=\"_blank\" rel=\"noopener noreferrer\">Patronym<\/a>)<\/p>\n<p class=\"font_7\"><span class=\"wixGuard\">\u200b<\/span>&#8230;kommt aus der ehem. Sowjetunion<\/p>\n<p class=\"font_7\"><span class=\"wixGuard\">\u200b<\/span>&#8230; lebt seit\u00a01989 in Deutschland<\/p>\n<p class=\"font_7\"><span class=\"wixGuard\">\u200b<\/span>&#8230;\u00fcbersetzt Lieder aus der ehem. Sowjetunion\u00a0u.a.\u00a0<a href=\"https:\/\/de.wikipedia.org\/wiki\/Russisches_Chanson\" target=\"_blank\" rel=\"noopener noreferrer\">&#8222;Russkij Chanson&#8220;<\/a> \u00a0ins Deutsche<\/p>\n<p class=\"font_7\">&#8230;performt sie in beiden Sprachen<\/p>\n<p class=\"font_7\"><span class=\"wixGuard\">\u200b<\/span>&#8230;spielt mehrere Instrumente (u.a. Klavier, Gitarre, Saxophon, Percussion&#8230;)<\/p>\n<p>\u00a0&#8230;&#8220;klingt in seiner russischen Muttersprache weicher und emotionaler. Vereinzelte Jazz-Akkorde wirft Williwitsch in die Chansons russischer Melancholie und zeigt so seine eigene Ambivalenz.&#8220; <a href=\"https:\/\/www.noz.de\/lokales\/westerkappeln\/artikel\/763951\/alona-und-jakob-reinhardt-im-kulturhof-westerbeck\" target=\"_blank\" rel=\"noopener noreferrer\">Neue Osnabr\u00fccker Zeitung<\/a>\u00a0<\/p>\n<p>&#8230;&#8220;multiinstrumental und virtuos bringt er dabei nicht nur die russische Seele, sondern auch den sowjetischen schwarzen, manchmal leichtf\u00fc\u00dfigen Humor auf die B\u00fchne.&#8220;\u00a0 <a href=\"https:\/\/www.kultur-coerde.de\/veranstaltungen\/haben-oder-nicht-russkij-chansons\/\">https:\/\/www.kultur-coerde.de\/veranstaltungen\/haben-oder-nicht-russkij-chansons\/<\/a><\/p>\n<p>\u00a0<\/p>\n<p>\u00a0<\/p>\n\n\n<p><\/p>\n","protected":false},"excerpt":{"rendered":"<p>&#8230;hei\u00dft mit seinem b\u00fcrgerlichen Namen\u00a0Jakob Reinhardt \u200b&#8230;ist Sohn eines Russlanddeutschen, namens Willi (deshalb Williwitsch als Patronym) \u200b&#8230;kommt aus der ehem. Sowjetunion \u200b&#8230; lebt seit\u00a01989 in Deutschland \u200b&#8230;\u00fcbersetzt Lieder aus der&hellip;<\/p>\n","protected":false},"author":1,"featured_media":0,"parent":0,"menu_order":0,"comment_status":"closed","ping_status":"closed","template":"","meta":{"spay_email":"","footnotes":""},"tags":[],"class_list":["post-51","page","type-page","status-publish","hentry"],"jetpack_sharing_enabled":true,"jetpack_shortlink":"https:\/\/wp.me\/P9u2KY-P","jetpack_likes_enabled":true,"_links":{"self":[{"href":"https:\/\/jakobreinhardt.net\/jakobreinhardt\/wp-json\/wp\/v2\/pages\/51","targetHints":{"allow":["GET"]}}],"collection":[{"href":"https:\/\/jakobreinhardt.net\/jakobreinhardt\/wp-json\/wp\/v2\/pages"}],"about":[{"href":"https:\/\/jakobreinhardt.net\/jakobreinhardt\/wp-json\/wp\/v2\/types\/page"}],"author":[{"embeddable":true,"href":"https:\/\/jakobreinhardt.net\/jakobreinhardt\/wp-json\/wp\/v2\/users\/1"}],"replies":[{"embeddable":true,"href":"https:\/\/jakobreinhardt.net\/jakobreinhardt\/wp-json\/wp\/v2\/comments?post=51"}],"version-history":[{"count":28,"href":"https:\/\/jakobreinhardt.net\/jakobreinhardt\/wp-json\/wp\/v2\/pages\/51\/revisions"}],"predecessor-version":[{"id":706,"href":"https:\/\/jakobreinhardt.net\/jakobreinhardt\/wp-json\/wp\/v2\/pages\/51\/revisions\/706"}],"wp:attachment":[{"href":"https:\/\/jakobreinhardt.net\/jakobreinhardt\/wp-json\/wp\/v2\/media?parent=51"}],"wp:term":[{"taxonomy":"post_tag","embeddable":true,"href":"https:\/\/jakobreinhardt.net\/jakobreinhardt\/wp-json\/wp\/v2\/tags?post=51"}],"curies":[{"name":"wp","href":"https:\/\/api.w.org\/{rel}","templated":true}]}}